{"id":3596,"date":"2020-07-20T03:30:40","date_gmt":"2020-07-20T02:30:40","guid":{"rendered":"https:\/\/ionis.si\/o-nama\/"},"modified":"2024-06-28T10:07:57","modified_gmt":"2024-06-28T09:07:57","slug":"o-nama","status":"publish","type":"page","link":"https:\/\/elektis.si\/hr\/o-nama\/","title":{"rendered":"O nama"},"content":{"rendered":"\t\t<div data-elementor-type=\"wp-page\" data-elementor-id=\"3596\" class=\"elementor elementor-3596 elementor-2164\">\n\t\t\t\t\t\t<section class=\"elementor-section elementor-top-section elementor-element elementor-element-579b5b6 elementor-section-stretched elementor-section-full_width elementor-section-height-default elementor-section-height-default\" data-id=\"579b5b6\" data-element_type=\"section\" data-settings=\"{&quot;stretch_section&quot;:&quot;section-stretched&quot;}\">\n\t\t\t\t\t\t<div class=\"elementor-container elementor-column-gap-no\">\n\t\t\t\t\t<div class=\"elementor-column elementor-col-100 elementor-top-column elementor-element elementor-element-be9fa39\" data-id=\"be9fa39\" data-element_type=\"column\">\n\t\t\t<div class=\"elementor-widget-wrap elementor-element-populated\">\n\t\t\t\t\t\t<div class=\"elementor-element elementor-element-205c0d9 elementor-widget elementor-widget-electrician_certificates\" data-id=\"205c0d9\" data-element_type=\"widget\" data-widget_type=\"electrician_certificates.default\">\n\t\t\t\t<div class=\"elementor-widget-container\">\n\t\t\t<div class=\"section-indent\">\n\t<div class=\"layout01-fluid\">\n\t\t<div class=\"layout01__img\" style=\"background-image: url(https:\/\/elektis.si\/wp-content\/uploads\/2024\/05\/o-nas_3.jpg)\"><\/div>\n\t\t<div class=\"container container-lg-fluid\">\n\t\t\t<div class=\"layout01__content\">\n\t\t\t\t<div class=\"layout01__content-wrapper\">\n\t\t\t\t\t<div class=\"section-title text-left\">\n\t\t\t\t\t\t<div class=\"section-title__01\">Ionis d.o.o.<\/div>\n\t\t\t\t\t\t<div class=\"section-title__02\">Kdo smo<\/div>\n\t\t\t\t\t<\/div>\n\t\t\t\t\t<p>\n\t\t\t\t\t\tV podjetju IONIS, d. o. o., smo strokovnjaki za celovite tehnolo\u0161ke re\u0161itve za podporo avtomatizaciji proizvodnih\/storitvenih procesov, opreme za kovinsko predelovalno industrijo in kovinske konstrukcije ter priznan partner na podro\u010dju avtomobilske, papirne, logisti\u010dne in petrokemi\u010dne industrije. <br><br>Podjetje je sinonim za kakovost, celovite re\u0161itve in stalno pripravljenost za vklju\u010devanje inovativnih tehnologiji v ponudbo svojih re\u0161itev.<br>\n<p style=\"font-family: sans-serif; font-weight: bold;\">Usmerjeni smo v elektro monta\u017eo  in avtomatizacijo:<br>\n- v procesni tehniki in robotiki,<br>\n- v industrijski monta\u017ei petrokemije, energetskih objektov,<br>\n- v farmaciji in drugih industrijah,<br>\n- v avtomatizaciji regalnih skladi\u0161\u010d,<br>\n- v elektro monta\u017ei poslovnih objektov ter sestavi elektro omar.<\/p>\n\t\t\t\t\t<\/p>\n\t\t\t\t\t<ul class=\"js-wrapper-gallery gallery01 gallery01-top\">\n\t\t\t\t\t\t\t\t\t\t\t\t<li><a class=\"tt-gallery\" href=\"\">\n\t\t\t\t\t\t\t\t\t\t\t\t\t\t\t\t\t\n\t\t\t\t\t\t\t<\/a><\/li>\n\t\t\t\t\t\t\n\t\t\t\t\t<\/ul>\n\t\t\t\t<\/div>\n\t\t\t<\/div>\n\t\t<\/div>\n\t<\/div>\n<\/div>\n\t\t\t\t<\/div>\n\t\t\t\t<\/div>\n\t\t\t\t\t<\/div>\n\t\t<\/div>\n\t\t\t\t\t<\/div>\n\t\t<\/section>\n\t\t\t\t<section class=\"elementor-section elementor-top-section elementor-element elementor-element-85ef199 elementor-section-stretched elementor-section-full_width elementor-section-height-default elementor-section-height-default\" data-id=\"85ef199\" data-element_type=\"section\" data-settings=\"{&quot;stretch_section&quot;:&quot;section-stretched&quot;}\">\n\t\t\t\t\t\t<div class=\"elementor-container elementor-column-gap-no\">\n\t\t\t\t\t<div class=\"elementor-column elementor-col-100 elementor-top-column elementor-element elementor-element-ed6eb2c\" data-id=\"ed6eb2c\" data-element_type=\"column\">\n\t\t\t<div class=\"elementor-widget-wrap elementor-element-populated\">\n\t\t\t\t\t\t<div class=\"elementor-element elementor-element-c613e35 elementor-widget elementor-widget-electrician_certificates\" data-id=\"c613e35\" data-element_type=\"widget\" data-widget_type=\"electrician_certificates.default\">\n\t\t\t\t<div class=\"elementor-widget-container\">\n\t\t\t<div class=\"section-indent\">\n\t<div class=\"layout01-fluid\">\n\t\t<div class=\"layout01__img\" style=\"background-image: url(https:\/\/elektis.si\/wp-content\/uploads\/2024\/05\/o-nas_2.jpg)\"><\/div>\n\t\t<div class=\"container container-lg-fluid\">\n\t\t\t<div class=\"layout01__content\">\n\t\t\t\t<div class=\"layout01__content-wrapper\">\n\t\t\t\t\t<div class=\"section-title text-left\">\n\t\t\t\t\t\t<div class=\"section-title__01\">Postati globalni ponudnik<\/div>\n\t\t\t\t\t\t<div class=\"section-title__02\">Na\u0161a vizija<\/div>\n\t\t\t\t\t<\/div>\n\t\t\t\t\t<p>\n\t\t\t\t\t\tPodjetje IONIS, d. o. o., \u017eeli na podlagi uspe\u0161ne preteklosti postati globalni ponudnik celovitih tehnolo\u0161kih re\u0161itev za podporo avtomatizaciji proizvodnih\/storitvenih procesov. Na\u0161 cilj je, da zavzamemo vodilni polo\u017eaj na trgu in pove\u010damo tr\u017eni dele\u017e v dr\u017eavah, v katerih smo \u017ee prisotni. <br><br>Ponudbo izdelkov in storitev, ki zagotavljajo na\u0161im kupcem neprimerljivo in zanesljivo podporo ter inovativno re\u0161itev v poslovanju, \u017eelimo \u010dim bolj raz\u0161iriti.\n<br><br>\nTo bomo dosegli z mre\u017eo uspe\u0161nih mednarodnih podjetij, z lastno ali partnersko proizvodnjo in z vklju\u010devanjem v nove obetavne industrijske panoge trajnostnega razvoja, kot so obnovljivi viri energije, fosilna goriva itn.\t\t\t\t\t<\/p>\n\t\t\t\t\t<ul class=\"js-wrapper-gallery gallery01 gallery01-top\">\n\t\t\t\t\t\t\t\t\t\t\t\t<li><a class=\"tt-gallery\" href=\"\">\n\t\t\t\t\t\t\t\t\t\t\t\t\t\t\t\t\t\n\t\t\t\t\t\t\t<\/a><\/li>\n\t\t\t\t\t\t\n\t\t\t\t\t<\/ul>\n\t\t\t\t<\/div>\n\t\t\t<\/div>\n\t\t<\/div>\n\t<\/div>\n<\/div>\n\t\t\t\t<\/div>\n\t\t\t\t<\/div>\n\t\t\t\t\t<\/div>\n\t\t<\/div>\n\t\t\t\t\t<\/div>\n\t\t<\/section>\n\t\t\t\t<section class=\"elementor-section elementor-top-section elementor-element elementor-element-f2306fe elementor-section-stretched elementor-section-full_width elementor-section-height-default elementor-section-height-default\" data-id=\"f2306fe\" data-element_type=\"section\" data-settings=\"{&quot;stretch_section&quot;:&quot;section-stretched&quot;}\">\n\t\t\t\t\t\t<div class=\"elementor-container elementor-column-gap-no\">\n\t\t\t\t\t<div class=\"elementor-column elementor-col-100 elementor-top-column elementor-element elementor-element-183ff2a\" data-id=\"183ff2a\" data-element_type=\"column\">\n\t\t\t<div class=\"elementor-widget-wrap elementor-element-populated\">\n\t\t\t\t\t\t<div class=\"elementor-element elementor-element-6ef97f0 elementor-widget elementor-widget-electrician_certificates\" data-id=\"6ef97f0\" data-element_type=\"widget\" data-widget_type=\"electrician_certificates.default\">\n\t\t\t\t<div class=\"elementor-widget-container\">\n\t\t\t<div class=\"section-indent\">\n\t<div class=\"layout01-fluid\">\n\t\t<div class=\"layout01__img\" style=\"background-image: url(https:\/\/elektis.si\/wp-content\/uploads\/2024\/05\/o-nas_1.jpg)\"><\/div>\n\t\t<div class=\"container container-lg-fluid\">\n\t\t\t<div class=\"layout01__content\">\n\t\t\t\t<div class=\"layout01__content-wrapper\">\n\t\t\t\t\t<div class=\"section-title text-left\">\n\t\t\t\t\t\t<div class=\"section-title__01\">Kvaliteta storitev<\/div>\n\t\t\t\t\t\t<div class=\"section-title__02\">Poslanstvo<\/div>\n\t\t\t\t\t<\/div>\n\t\t\t\t\t<p>\n\t\t\t\t\t\tPoslanstvo na\u0161ega podjetja sta odzivnost in kvaliteta storitev, ki zagotavljata zanesljivo podporo na\u0161im kupcem. Skrbimo za strokovno in uspe\u0161no opravljene storitve ter fleksibilnost izvedbe v dogovorjenih rokih.\n<br><br>\nPosku\u0161amo se prilagajati potrebam trga in s stalnimi izpopolnjevanji stremimo k strokovnemu razvoju in usposobljenosti zaposlenih. Eno izmed temeljnih poslanstev podjetja je, da na\u0161im zaposlenim zagotovimo dobre pogoje dela, zato nenehno skrbimo za prijetno in varno delovno okolje.\t\t\t\t\t<\/p>\n\t\t\t\t\t<ul class=\"js-wrapper-gallery gallery01 gallery01-top\">\n\t\t\t\t\t\t\t\t\t\t\t\t<li><a class=\"tt-gallery\" href=\"\">\n\t\t\t\t\t\t\t\t\t\t\t\t\t\t\t\t\t\n\t\t\t\t\t\t\t<\/a><\/li>\n\t\t\t\t\t\t\n\t\t\t\t\t<\/ul>\n\t\t\t\t<\/div>\n\t\t\t<\/div>\n\t\t<\/div>\n\t<\/div>\n<\/div>\n\t\t\t\t<\/div>\n\t\t\t\t<\/div>\n\t\t\t\t\t<\/div>\n\t\t<\/div>\n\t\t\t\t\t<\/div>\n\t\t<\/section>\n\t\t\t\t<section class=\"elementor-section elementor-top-section elementor-element elementor-element-b23d443 elementor-section-stretched elementor-section-full_width elementor-hidden-desktop elementor-hidden-tablet elementor-hidden-mobile elementor-section-height-default elementor-section-height-default\" data-id=\"b23d443\" data-element_type=\"section\" data-settings=\"{&quot;stretch_section&quot;:&quot;section-stretched&quot;}\">\n\t\t\t\t\t\t<div class=\"elementor-container elementor-column-gap-no\">\n\t\t\t\t\t<div class=\"elementor-column elementor-col-100 elementor-top-column elementor-element elementor-element-1c1bab9\" data-id=\"1c1bab9\" data-element_type=\"column\">\n\t\t\t<div class=\"elementor-widget-wrap elementor-element-populated\">\n\t\t\t\t\t\t<div class=\"elementor-element elementor-element-9c21e86 elementor-widget elementor-widget-electrician_about_two\" data-id=\"9c21e86\" data-element_type=\"widget\" data-widget_type=\"electrician_about_two.default\">\n\t\t\t\t<div class=\"elementor-widget-container\">\n\t\t\t \n\t\t\t\t<div class=\"section-indent\">\n\t\t<div class=\"container container-lg-fluid\">\n\t\t\t<div class=\"layout01 layout01__revers layout01__small-layout layout01__img-more\">\n\t\t\t\t<div class=\"layout01__bg-marker\"><\/div>\n\t\t\t\t<div class=\"layout01__img\">\n\t\t\t\t\t<div class=\"tt-img-main\">\n\t\t\t<img fetchpriority=\"high\" decoding=\"async\" width=\"720\" height=\"552\" src=\"https:\/\/elektis.si\/wp-content\/uploads\/2024\/05\/o-nas_3.jpg\" class=\"attachment-full size-full\" alt=\"\" srcset=\"https:\/\/elektis.si\/wp-content\/uploads\/2024\/05\/o-nas_3.jpg 720w, https:\/\/elektis.si\/wp-content\/uploads\/2024\/05\/o-nas_3-300x230.jpg 300w, https:\/\/elektis.si\/wp-content\/uploads\/2024\/05\/o-nas_3-640x491.jpg 640w\" sizes=\"(max-width: 720px) 100vw, 720px\" \/>\t\t\t\t\t<\/div>\n\t\t\t\t\t<div class=\"tt-img-more left-bottom\">\n\t\t\t\t\t\t\t\t<\/div>\n\t\t\t\t<\/div>\n\t\t\t\t<div class=\"layout01__content\">\n\t\t\t\t\t<div class=\"layout01__content-wrapper\">\n\t\t\t\t\t\t<div class=\"section-title text-left\">\n\t\t\t\t\t\t\t<div class=\"section-title__01\">Ionis d.o.o.<\/div>\n\t\t\t\t\t\t\t<div class=\"section-title__02\">Kdo smo<\/div>\n\t\t\t\t\t\t<\/div>\n\t\t\t\t\t\t<p>\n\t\t\tV podjetju IONIS, d. o. o., smo strokovnjaki za celovite tehnolo\u0161ke re\u0161itve za podporo avtomatizaciji proizvodnih\/storitvenih procesov, opreme za kovinsko predelovalno industrijo in kovinske konstrukcije ter priznan partner na podro\u010dju avtomobilske, papirne, logisti\u010dne in petrokemi\u010dne industrije. Podjetje je sinonim za kakovost, celovite re\u0161itve in stalno pripravljenost za vklju\u010devanje inovativnih tehnologiji v ponudbo svojih re\u0161itev.\t\t\t\t\t\t<\/p>\n\t\t\t\t\t\t<p>\n\t\t\tUsmerjeni smo v <b>elektro monta\u017eo  in avtomatizacijo<\/b>:<br>\n<b>- v procesni tehniki in robotiki<br>\n- v industrijsko monta\u017eo petrokemije, energetskih objektov<br>\n- farmacije in druge industrije<br>\n- v avtomatizacijo regalnih skladi\u0161\u010d<br>\n- v elektro monta\u017eo poslovnih objektov ter sestavo elektro omar.<\/b>\n\t\t\t\t\t\t<\/p>\n\t\t\t\t\t\t<div class=\"tt-box04-wrapper row\">\n\t\t\t\t\t\t\t\t\t\t<div class=\"col-6\">\n\t\t\t\t\t\t\t\t<div class=\"tt-box04\">\n\t\t\t\t\t\t\t\t\t<div class=\"tt-box04__figure\"><i class=\"\"><\/i><\/div>\n\t\t\t\t\t\t\t\t\t<div class=\"tt-box04__content\">\n\t\t\t\t\t\t\t\t\t\t<div class=\"tt-title\"><\/div>\n\t\t\t\t\t\t\t\t\t\t<p>\n\t\t\t\t\t\t\t\t\t\t\t\t\t\t<\/p>\n\t\t\t\t\t\t\t\t\t<\/div>\n\t\t\t\t\t\t\t\t<\/div>\n\t\t\t\t\t\t\t<\/div>\n\t\t\t\t\t\t\t\t\t<\/div>\n\t\t\t\t\t<\/div>\n\t\t\t\t<\/div>\n\t\t\t<\/div>\n\t\t<\/div>\n\t<\/div>\n\t\t\t\t\t\t<\/div>\n\t\t\t\t<\/div>\n\t\t\t\t\t<\/div>\n\t\t<\/div>\n\t\t\t\t\t<\/div>\n\t\t<\/section>\n\t\t\t\t<\/div>\n\t\t","protected":false},"excerpt":{"rendered":"<p>Ionis d.o.o. Kdo smo V podjetju IONIS, d. o. o., smo strokovnjaki za celovite tehnolo\u0161ke re\u0161itve za podporo avtomatizaciji proizvodnih\/storitvenih procesov, opreme za kovinsko predelovalno industrijo in kovinske konstrukcije ter priznan partner na podro\u010dju avtomobilske, papirne, logisti\u010dne in petrokemi\u010dne industrije. Podjetje je sinonim za kakovost, celovite re\u0161itve in stalno pripravljenost za vklju\u010devanje inovativnih tehnologiji v [&hellip;]<\/p>\n","protected":false},"author":1,"featured_media":0,"parent":0,"menu_order":0,"comment_status":"closed","ping_status":"closed","template":"","meta":{"inline_featured_image":false,"footnotes":""},"class_list":["post-3596","page","type-page","status-publish","hentry"],"yoast_head":"<!-- This site is optimized with the Yoast SEO plugin v22.7 - https:\/\/yoast.com\/wordpress\/plugins\/seo\/ -->\n<title>O nama - Elektis<\/title>\n<meta name=\"robots\" content=\"index, follow, max-snippet:-1, max-image-preview:large, max-video-preview:-1\" \/>\n<link rel=\"canonical\" href=\"https:\/\/elektis.si\/hr\/o-nama\/\" \/>\n<meta property=\"og:locale\" content=\"hr_HR\" \/>\n<meta property=\"og:type\" content=\"article\" \/>\n<meta property=\"og:title\" content=\"O nama - Elektis\" \/>\n<meta property=\"og:description\" content=\"Ionis d.o.o. Kdo smo V podjetju IONIS, d. o. o., smo strokovnjaki za celovite tehnolo\u0161ke re\u0161itve za podporo avtomatizaciji proizvodnih\/storitvenih procesov, opreme za kovinsko predelovalno industrijo in kovinske konstrukcije ter priznan partner na podro\u010dju avtomobilske, papirne, logisti\u010dne in petrokemi\u010dne industrije. Podjetje je sinonim za kakovost, celovite re\u0161itve in stalno pripravljenost za vklju\u010devanje inovativnih tehnologiji v [&hellip;]\" \/>\n<meta property=\"og:url\" content=\"https:\/\/elektis.si\/hr\/o-nama\/\" \/>\n<meta property=\"og:site_name\" content=\"Elektis\" \/>\n<meta property=\"article:modified_time\" content=\"2024-06-28T09:07:57+00:00\" \/>\n<meta property=\"og:image\" content=\"https:\/\/ionis.si\/wp-content\/uploads\/2024\/05\/o-nas_3.jpg\" \/>\n<meta name=\"twitter:card\" content=\"summary_large_image\" \/>\n<meta name=\"twitter:label1\" content=\"Procijenjeno vrijeme \u010ditanja\" \/>\n\t<meta name=\"twitter:data1\" content=\"2 minute\" \/>\n<script type=\"application\/ld+json\" class=\"yoast-schema-graph\">{\"@context\":\"https:\/\/schema.org\",\"@graph\":[{\"@type\":\"WebPage\",\"@id\":\"https:\/\/elektis.si\/hr\/o-nama\/\",\"url\":\"https:\/\/elektis.si\/hr\/o-nama\/\",\"name\":\"O nama - Elektis\",\"isPartOf\":{\"@id\":\"https:\/\/elektis.si\/hr\/#website\"},\"primaryImageOfPage\":{\"@id\":\"https:\/\/elektis.si\/hr\/o-nama\/#primaryimage\"},\"image\":{\"@id\":\"https:\/\/elektis.si\/hr\/o-nama\/#primaryimage\"},\"thumbnailUrl\":\"https:\/\/ionis.si\/wp-content\/uploads\/2024\/05\/o-nas_3.jpg\",\"datePublished\":\"2020-07-20T02:30:40+00:00\",\"dateModified\":\"2024-06-28T09:07:57+00:00\",\"breadcrumb\":{\"@id\":\"https:\/\/elektis.si\/hr\/o-nama\/#breadcrumb\"},\"inLanguage\":\"hr\",\"potentialAction\":[{\"@type\":\"ReadAction\",\"target\":[\"https:\/\/elektis.si\/hr\/o-nama\/\"]}]},{\"@type\":\"ImageObject\",\"inLanguage\":\"hr\",\"@id\":\"https:\/\/elektis.si\/hr\/o-nama\/#primaryimage\",\"url\":\"https:\/\/ionis.si\/wp-content\/uploads\/2024\/05\/o-nas_3.jpg\",\"contentUrl\":\"https:\/\/ionis.si\/wp-content\/uploads\/2024\/05\/o-nas_3.jpg\"},{\"@type\":\"BreadcrumbList\",\"@id\":\"https:\/\/elektis.si\/hr\/o-nama\/#breadcrumb\",\"itemListElement\":[{\"@type\":\"ListItem\",\"position\":1,\"name\":\"Home\",\"item\":\"https:\/\/elektis.si\/hr\/\"},{\"@type\":\"ListItem\",\"position\":2,\"name\":\"O nama\"}]},{\"@type\":\"WebSite\",\"@id\":\"https:\/\/elektis.si\/hr\/#website\",\"url\":\"https:\/\/elektis.si\/hr\/\",\"name\":\"Elektis\",\"description\":\"\",\"potentialAction\":[{\"@type\":\"SearchAction\",\"target\":{\"@type\":\"EntryPoint\",\"urlTemplate\":\"https:\/\/elektis.si\/hr\/?s={search_term_string}\"},\"query-input\":\"required name=search_term_string\"}],\"inLanguage\":\"hr\"}]}<\/script>\n<!-- \/ Yoast SEO plugin. -->","yoast_head_json":{"title":"O nama - Elektis","robots":{"index":"index","follow":"follow","max-snippet":"max-snippet:-1","max-image-preview":"max-image-preview:large","max-video-preview":"max-video-preview:-1"},"canonical":"https:\/\/elektis.si\/hr\/o-nama\/","og_locale":"hr_HR","og_type":"article","og_title":"O nama - Elektis","og_description":"Ionis d.o.o. Kdo smo V podjetju IONIS, d. o. o., smo strokovnjaki za celovite tehnolo\u0161ke re\u0161itve za podporo avtomatizaciji proizvodnih\/storitvenih procesov, opreme za kovinsko predelovalno industrijo in kovinske konstrukcije ter priznan partner na podro\u010dju avtomobilske, papirne, logisti\u010dne in petrokemi\u010dne industrije. Podjetje je sinonim za kakovost, celovite re\u0161itve in stalno pripravljenost za vklju\u010devanje inovativnih tehnologiji v [&hellip;]","og_url":"https:\/\/elektis.si\/hr\/o-nama\/","og_site_name":"Elektis","article_modified_time":"2024-06-28T09:07:57+00:00","og_image":[{"url":"https:\/\/ionis.si\/wp-content\/uploads\/2024\/05\/o-nas_3.jpg"}],"twitter_card":"summary_large_image","twitter_misc":{"Procijenjeno vrijeme \u010ditanja":"2 minute"},"schema":{"@context":"https:\/\/schema.org","@graph":[{"@type":"WebPage","@id":"https:\/\/elektis.si\/hr\/o-nama\/","url":"https:\/\/elektis.si\/hr\/o-nama\/","name":"O nama - Elektis","isPartOf":{"@id":"https:\/\/elektis.si\/hr\/#website"},"primaryImageOfPage":{"@id":"https:\/\/elektis.si\/hr\/o-nama\/#primaryimage"},"image":{"@id":"https:\/\/elektis.si\/hr\/o-nama\/#primaryimage"},"thumbnailUrl":"https:\/\/ionis.si\/wp-content\/uploads\/2024\/05\/o-nas_3.jpg","datePublished":"2020-07-20T02:30:40+00:00","dateModified":"2024-06-28T09:07:57+00:00","breadcrumb":{"@id":"https:\/\/elektis.si\/hr\/o-nama\/#breadcrumb"},"inLanguage":"hr","potentialAction":[{"@type":"ReadAction","target":["https:\/\/elektis.si\/hr\/o-nama\/"]}]},{"@type":"ImageObject","inLanguage":"hr","@id":"https:\/\/elektis.si\/hr\/o-nama\/#primaryimage","url":"https:\/\/ionis.si\/wp-content\/uploads\/2024\/05\/o-nas_3.jpg","contentUrl":"https:\/\/ionis.si\/wp-content\/uploads\/2024\/05\/o-nas_3.jpg"},{"@type":"BreadcrumbList","@id":"https:\/\/elektis.si\/hr\/o-nama\/#breadcrumb","itemListElement":[{"@type":"ListItem","position":1,"name":"Home","item":"https:\/\/elektis.si\/hr\/"},{"@type":"ListItem","position":2,"name":"O nama"}]},{"@type":"WebSite","@id":"https:\/\/elektis.si\/hr\/#website","url":"https:\/\/elektis.si\/hr\/","name":"Elektis","description":"","potentialAction":[{"@type":"SearchAction","target":{"@type":"EntryPoint","urlTemplate":"https:\/\/elektis.si\/hr\/?s={search_term_string}"},"query-input":"required name=search_term_string"}],"inLanguage":"hr"}]}},"_links":{"self":[{"href":"https:\/\/elektis.si\/hr\/wp-json\/wp\/v2\/pages\/3596","targetHints":{"allow":["GET"]}}],"collection":[{"href":"https:\/\/elektis.si\/hr\/wp-json\/wp\/v2\/pages"}],"about":[{"href":"https:\/\/elektis.si\/hr\/wp-json\/wp\/v2\/types\/page"}],"author":[{"embeddable":true,"href":"https:\/\/elektis.si\/hr\/wp-json\/wp\/v2\/users\/1"}],"replies":[{"embeddable":true,"href":"https:\/\/elektis.si\/hr\/wp-json\/wp\/v2\/comments?post=3596"}],"version-history":[{"count":1,"href":"https:\/\/elektis.si\/hr\/wp-json\/wp\/v2\/pages\/3596\/revisions"}],"predecessor-version":[{"id":3597,"href":"https:\/\/elektis.si\/hr\/wp-json\/wp\/v2\/pages\/3596\/revisions\/3597"}],"wp:attachment":[{"href":"https:\/\/elektis.si\/hr\/wp-json\/wp\/v2\/media?parent=3596"}],"curies":[{"name":"wp","href":"https:\/\/api.w.org\/{rel}","templated":true}]}}